{"id":548,"date":"2025-08-14T14:46:52","date_gmt":"2025-08-14T12:46:52","guid":{"rendered":"https:\/\/alfarooqwatches.com\/?post_type=product&#038;p=548"},"modified":"2026-01-10T14:51:13","modified_gmt":"2026-01-10T13:51:13","slug":"al-farooq-fq-2-white-day-date","status":"publish","type":"product","link":"https:\/\/alfarooqwatches.com\/de\/al-farooq-fq-2-white-day-date\/","title":{"rendered":"Al Farooq FQ 1 White Day Date"},"content":{"rendered":"<p>Die Farooq FQ1 verbindet auf wunderbare Weise traditionelle Handwerkskunst mit modernen Designelementen. Die Uhr verf\u00fcgt \u00fcber eine klassische arabische Ziffernanzeige, die dem eleganten, modernen Design eine zeitlose, kulturelle Note verleiht. Die edle Textur des Zifferblatts wird mit einem minimalistischen, polierten Geh\u00e4use kombiniert, das nahtlos mit der Raffinesse der heutigen Mode verschmilzt. Die markanten, aber eleganten Stundenmarkierungen sorgen f\u00fcr gute Ablesbarkeit, w\u00e4hrend die fein gearbeiteten Zeiger eine raffinierte, moderne \u00c4sthetik verleihen. Perfekt f\u00fcr alle, die Tradition und Innovation sch\u00e4tzen \u2013 diese Uhr ist ein Statement, das Vergangenheit und Gegenwart verbindet.<\/p>","protected":false},"excerpt":{"rendered":"<h3 style=\"text-align: center;\"><strong><span class=\"s1\">The brand new Farooq FQ1<\/span><\/strong><\/h3>\n<h5 style=\"text-align: center;\">Seamlessly combining Heritage and Fashion.<\/h5>\n<p style=\"text-align: center;\">\u2705\u00a0\u00a0<strong>42mm<\/strong>\u00a0Diameter<\/p>\n<p style=\"text-align: center;\"><strong>\u2705\u00a0 5ATM<\/strong>\u00a0Water Resistant<\/p>\n<p style=\"text-align: center;\">\u2705\u00a0 Premium\u00a0<strong>316L<\/strong>\u00a0Stainless Steel<\/p>\n<p style=\"text-align: center;\"><strong>\u2705\u00a0 Scratch resistant<\/strong>\u00a0Hardlex Mineral Glass<\/p>\n<p style=\"text-align: center;\"><strong>\u2705\u00a0<\/strong>\u00a0<strong>Free<\/strong>\u00a0EU \ud83c\uddea\ud83c\uddfa shipping<\/p>","protected":false},"featured_media":549,"comment_status":"open","ping_status":"closed","template":"","meta":{"bwfblock_default_font":"","_crdt_document":"","_uag_custom_page_level_css":"","jetpack_publicize_message":"","jetpack_publicize_feature_enabled":true,"jetpack_social_post_already_shared":true,"jetpack_social_options":{"image_generator_settings":{"template":"highway","default_image_id":0,"font":"","enabled":false},"version":2},"_wpas_customize_per_network":false},"product_brand":[],"product_cat":[],"product_tag":[],"class_list":{"0":"post-548","1":"product","2":"type-product","3":"status-publish","4":"has-post-thumbnail","7":"first","8":"instock","9":"shipping-taxable","10":"purchasable","11":"product-type-simple"},"jetpack_publicize_connections":[],"uagb_featured_image_src":{"full":["https:\/\/i0.wp.com\/alfarooqwatches.com\/wp-content\/uploads\/2025\/08\/a2a79793deb0d725add7b4014b5faf4f.png?fit=800%2C800&ssl=1",800,800,false],"thumbnail":["https:\/\/i0.wp.com\/alfarooqwatches.com\/wp-content\/uploads\/2025\/08\/a2a79793deb0d725add7b4014b5faf4f.png?resize=150%2C150&ssl=1",150,150,true],"medium":["https:\/\/i0.wp.com\/alfarooqwatches.com\/wp-content\/uploads\/2025\/08\/a2a79793deb0d725add7b4014b5faf4f.png?fit=300%2C300&ssl=1",300,300,true],"medium_large":["https:\/\/i0.wp.com\/alfarooqwatches.com\/wp-content\/uploads\/2025\/08\/a2a79793deb0d725add7b4014b5faf4f.png?fit=768%2C768&ssl=1",768,768,true],"large":["https:\/\/i0.wp.com\/alfarooqwatches.com\/wp-content\/uploads\/2025\/08\/a2a79793deb0d725add7b4014b5faf4f.png?fit=800%2C800&ssl=1",800,800,true],"1536x1536":["https:\/\/i0.wp.com\/alfarooqwatches.com\/wp-content\/uploads\/2025\/08\/a2a79793deb0d725add7b4014b5faf4f.png?fit=800%2C800&ssl=1",800,800,true],"2048x2048":["https:\/\/i0.wp.com\/alfarooqwatches.com\/wp-content\/uploads\/2025\/08\/a2a79793deb0d725add7b4014b5faf4f.png?fit=800%2C800&ssl=1",800,800,true],"trp-custom-language-flag":["https:\/\/i0.wp.com\/alfarooqwatches.com\/wp-content\/uploads\/2025\/08\/a2a79793deb0d725add7b4014b5faf4f.png?fit=12%2C12&ssl=1",12,12,true],"newspack-article-block-landscape-large":["https:\/\/i0.wp.com\/alfarooqwatches.com\/wp-content\/uploads\/2025\/08\/a2a79793deb0d725add7b4014b5faf4f.png?resize=800%2C800&ssl=1",800,800,true],"newspack-article-block-portrait-large":["https:\/\/i0.wp.com\/alfarooqwatches.com\/wp-content\/uploads\/2025\/08\/a2a79793deb0d725add7b4014b5faf4f.png?resize=800%2C800&ssl=1",800,800,true],"newspack-article-block-square-large":["https:\/\/i0.wp.com\/alfarooqwatches.com\/wp-content\/uploads\/2025\/08\/a2a79793deb0d725add7b4014b5faf4f.png?resize=800%2C800&ssl=1",800,800,true],"newspack-article-block-landscape-medium":["https:\/\/i0.wp.com\/alfarooqwatches.com\/wp-content\/uploads\/2025\/08\/a2a79793deb0d725add7b4014b5faf4f.png?resize=800%2C600&ssl=1",800,600,true],"newspack-article-block-portrait-medium":["https:\/\/i0.wp.com\/alfarooqwatches.com\/wp-content\/uploads\/2025\/08\/a2a79793deb0d725add7b4014b5faf4f.png?resize=600%2C800&ssl=1",600,800,true],"newspack-article-block-square-medium":["https:\/\/i0.wp.com\/alfarooqwatches.com\/wp-content\/uploads\/2025\/08\/a2a79793deb0d725add7b4014b5faf4f.png?resize=800%2C800&ssl=1",800,800,true],"newspack-article-block-landscape-intermediate":["https:\/\/i0.wp.com\/alfarooqwatches.com\/wp-content\/uploads\/2025\/08\/a2a79793deb0d725add7b4014b5faf4f.png?resize=600%2C450&ssl=1",600,450,true],"newspack-article-block-portrait-intermediate":["https:\/\/i0.wp.com\/alfarooqwatches.com\/wp-content\/uploads\/2025\/08\/a2a79793deb0d725add7b4014b5faf4f.png?resize=450%2C600&ssl=1",450,600,true],"newspack-article-block-square-intermediate":["https:\/\/i0.wp.com\/alfarooqwatches.com\/wp-content\/uploads\/2025\/08\/a2a79793deb0d725add7b4014b5faf4f.png?resize=600%2C600&ssl=1",600,600,true],"newspack-article-block-landscape-small":["https:\/\/i0.wp.com\/alfarooqwatches.com\/wp-content\/uploads\/2025\/08\/a2a79793deb0d725add7b4014b5faf4f.png?resize=400%2C300&ssl=1",400,300,true],"newspack-article-block-portrait-small":["https:\/\/i0.wp.com\/alfarooqwatches.com\/wp-content\/uploads\/2025\/08\/a2a79793deb0d725add7b4014b5faf4f.png?resize=300%2C400&ssl=1",300,400,true],"newspack-article-block-square-small":["https:\/\/i0.wp.com\/alfarooqwatches.com\/wp-content\/uploads\/2025\/08\/a2a79793deb0d725add7b4014b5faf4f.png?resize=400%2C400&ssl=1",400,400,true],"newspack-article-block-landscape-tiny":["https:\/\/i0.wp.com\/alfarooqwatches.com\/wp-content\/uploads\/2025\/08\/a2a79793deb0d725add7b4014b5faf4f.png?resize=200%2C150&ssl=1",200,150,true],"newspack-article-block-portrait-tiny":["https:\/\/i0.wp.com\/alfarooqwatches.com\/wp-content\/uploads\/2025\/08\/a2a79793deb0d725add7b4014b5faf4f.png?resize=150%2C200&ssl=1",150,200,true],"newspack-article-block-square-tiny":["https:\/\/i0.wp.com\/alfarooqwatches.com\/wp-content\/uploads\/2025\/08\/a2a79793deb0d725add7b4014b5faf4f.png?resize=200%2C200&ssl=1",200,200,true],"newspack-article-block-uncropped":["https:\/\/i0.wp.com\/alfarooqwatches.com\/wp-content\/uploads\/2025\/08\/a2a79793deb0d725add7b4014b5faf4f.png?fit=800%2C800&ssl=1",800,800,true],"woocommerce_thumbnail":["https:\/\/i0.wp.com\/alfarooqwatches.com\/wp-content\/uploads\/2025\/08\/a2a79793deb0d725add7b4014b5faf4f.png?resize=300%2C300&ssl=1",300,300,true],"woocommerce_single":["https:\/\/i0.wp.com\/alfarooqwatches.com\/wp-content\/uploads\/2025\/08\/a2a79793deb0d725add7b4014b5faf4f.png?fit=600%2C600&ssl=1",600,600,true],"woocommerce_gallery_thumbnail":["https:\/\/i0.wp.com\/alfarooqwatches.com\/wp-content\/uploads\/2025\/08\/a2a79793deb0d725add7b4014b5faf4f.png?resize=100%2C100&ssl=1",100,100,true]},"uagb_author_info":{"display_name":"Ahmad from Al Farooq Watches","author_link":"https:\/\/alfarooqwatches.com\/de\/author\/"},"uagb_comment_info":0,"uagb_excerpt":"The brand new Farooq FQ1 Seamlessly combining Heritage and Fashion. \u2705\u00a0\u00a042mm\u00a0Diameter \u2705\u00a0 5ATM\u00a0Water Resistant \u2705\u00a0 Premium\u00a0316L\u00a0Stainless Steel \u2705\u00a0 Scratch resistant\u00a0Hardlex Mineral Glass \u2705\u00a0\u00a0Free\u00a0EU \ud83c\uddea\ud83c\uddfa shipping","jetpack_likes_enabled":true,"jetpack_sharing_enabled":true,"jetpack-related-posts":[],"_links":{"self":[{"href":"https:\/\/alfarooqwatches.com\/de\/wp-json\/wp\/v2\/product\/548","targetHints":{"allow":["GET"]}}],"collection":[{"href":"https:\/\/alfarooqwatches.com\/de\/wp-json\/wp\/v2\/product"}],"about":[{"href":"https:\/\/alfarooqwatches.com\/de\/wp-json\/wp\/v2\/types\/product"}],"replies":[{"embeddable":true,"href":"https:\/\/alfarooqwatches.com\/de\/wp-json\/wp\/v2\/comments?post=548"}],"wp:featuredmedia":[{"embeddable":true,"href":"https:\/\/alfarooqwatches.com\/de\/wp-json\/wp\/v2\/media\/549"}],"wp:attachment":[{"href":"https:\/\/alfarooqwatches.com\/de\/wp-json\/wp\/v2\/media?parent=548"}],"wp:term":[{"taxonomy":"product_brand","embeddable":true,"href":"https:\/\/alfarooqwatches.com\/de\/wp-json\/wp\/v2\/product_brand?post=548"},{"taxonomy":"product_cat","embeddable":true,"href":"https:\/\/alfarooqwatches.com\/de\/wp-json\/wp\/v2\/product_cat?post=548"},{"taxonomy":"product_tag","embeddable":true,"href":"https:\/\/alfarooqwatches.com\/de\/wp-json\/wp\/v2\/product_tag?post=548"}],"curies":[{"name":"wp","href":"https:\/\/api.w.org\/{rel}","templated":true}]}}