{"id":1,"date":"2024-09-07T14:00:18","date_gmt":"2024-09-07T14:00:18","guid":{"rendered":"http:\/\/alfarooqwatches.com\/?page_id=1"},"modified":"2025-06-04T20:34:09","modified_gmt":"2025-06-04T18:34:09","slug":"about-us","status":"publish","type":"page","link":"https:\/\/alfarooqwatches.com\/de\/about-us\/","title":{"rendered":"\u00dcber Uns"},"content":{"rendered":"<p class=\"wp-block-paragraph\"><\/p>\n\n\n\n<p class=\"has-text-align-center wp-block-paragraph\">Im Mittelpunkt unseres Handwerks steht die zeitlose Hingabe an die Tradition. Als Team junger arabischer Unternehmer f\u00fchren wir das edle Erbe von Pr\u00e4zision, Sch\u00f6nheit und Bedeutung fort \u2013 Werte, die sowohl in der klassischen Uhrmacherkunst als auch im reichen Erbe der arabischen und islamischen Kultur tief verwurzelt sind. Jede Uhr, die wir herstellen, ist mehr als nur ein Instrument der Zeit; sie erz\u00e4hlt eine Geschichte \u2013 von Erbe, Identit\u00e4t und Glauben.<\/p>\n\n\n\n<p class=\"has-text-align-center wp-block-paragraph\">Unsere Designs sind von jahrhundertealter islamischer Kunst, Architektur und Kalligrafie inspiriert und verbinden diese Elemente mit der raffinierten Mechanik traditioneller Schweizer und arabischer Uhrmacherkunst. Von komplizierten geometrischen Mustern \u00fcber arabische Ziffern bis hin zu spirituellen Inschriften spiegelt jedes Detail die Seele einer Zivilisation wider, die einst in Wissenschaft, Handwerk und Innovation weltweit f\u00fchrend war.<\/p>\n\n\n\n<p class=\"has-text-align-center wp-block-paragraph\">Wir bewahren nicht nur die Tradition \u2013 wir lassen sie mit Stolz wieder aufleben. Mit jeder Uhr, die wir produzieren, ehren wir unsere Vorfahren, feiern unsere Kultur und teilen ein St\u00fcck davon mit der Welt.<\/p>\n\n\n\n<p class=\"has-text-align-center wp-block-paragraph translation-block\">Das ist Zeitmessung mit Bedeutung.\nDas ist ein Erbe, das Sie tragen k\u00f6nnen.<\/p>","protected":false},"excerpt":{"rendered":"<p>At the heart of our craft lies a timeless devotion to tradition. As a team of young Arab entrepreneurs, we carry forward the noble heritage of precision, beauty, and meaning\u2014values deeply rooted in both classical watchmaking and the rich legacy of Arab and Islamic culture. Each timepiece we create is more than an instrument of [&hellip;]<\/p>\n","protected":false},"author":255368062,"featured_media":0,"parent":0,"menu_order":0,"comment_status":"closed","ping_status":"closed","template":"","meta":{"bwfblock_default_font":"","_crdt_document":"","_uag_custom_page_level_css":"","footnotes":""},"class_list":["post-1","page","type-page","status-publish","hentry"],"uagb_featured_image_src":{"full":false,"thumbnail":false,"medium":false,"medium_large":false,"large":false,"1536x1536":false,"2048x2048":false,"trp-custom-language-flag":false,"newspack-article-block-landscape-large":false,"newspack-article-block-portrait-large":false,"newspack-article-block-square-large":false,"newspack-article-block-landscape-medium":false,"newspack-article-block-portrait-medium":false,"newspack-article-block-square-medium":false,"newspack-article-block-landscape-intermediate":false,"newspack-article-block-portrait-intermediate":false,"newspack-article-block-square-intermediate":false,"newspack-article-block-landscape-small":false,"newspack-article-block-portrait-small":false,"newspack-article-block-square-small":false,"newspack-article-block-landscape-tiny":false,"newspack-article-block-portrait-tiny":false,"newspack-article-block-square-tiny":false,"newspack-article-block-uncropped":false,"woocommerce_thumbnail":false,"woocommerce_single":false,"woocommerce_gallery_thumbnail":false},"uagb_author_info":{"display_name":"Ahmad from Al Farooq Watches","author_link":"https:\/\/alfarooqwatches.com\/de\/author\/thefarooqshop\/"},"uagb_comment_info":0,"uagb_excerpt":"At the heart of our craft lies a timeless devotion to tradition. As a team of young Arab entrepreneurs, we carry forward the noble heritage of precision, beauty, and meaning\u2014values deeply rooted in both classical watchmaking and the rich legacy of Arab and Islamic culture. Each timepiece we create is more than an instrument of&hellip;","jetpack_likes_enabled":true,"jetpack_sharing_enabled":true,"jetpack_shortlink":"https:\/\/wp.me\/Pg1rUB-1","jetpack-related-posts":[],"_links":{"self":[{"href":"https:\/\/alfarooqwatches.com\/de\/wp-json\/wp\/v2\/pages\/1","targetHints":{"allow":["GET"]}}],"collection":[{"href":"https:\/\/alfarooqwatches.com\/de\/wp-json\/wp\/v2\/pages"}],"about":[{"href":"https:\/\/alfarooqwatches.com\/de\/wp-json\/wp\/v2\/types\/page"}],"author":[{"embeddable":true,"href":"https:\/\/alfarooqwatches.com\/de\/wp-json\/wp\/v2\/users\/255368062"}],"replies":[{"embeddable":true,"href":"https:\/\/alfarooqwatches.com\/de\/wp-json\/wp\/v2\/comments?post=1"}],"version-history":[{"count":3,"href":"https:\/\/alfarooqwatches.com\/de\/wp-json\/wp\/v2\/pages\/1\/revisions"}],"predecessor-version":[{"id":391,"href":"https:\/\/alfarooqwatches.com\/de\/wp-json\/wp\/v2\/pages\/1\/revisions\/391"}],"wp:attachment":[{"href":"https:\/\/alfarooqwatches.com\/de\/wp-json\/wp\/v2\/media?parent=1"}],"curies":[{"name":"wp","href":"https:\/\/api.w.org\/{rel}","templated":true}]}}